{"id":1028,"date":"2025-05-28T21:07:08","date_gmt":"2025-05-28T21:07:08","guid":{"rendered":"https:\/\/keysarg.com\/?post_type=product&#038;p=1028"},"modified":"2026-01-03T06:23:35","modified_gmt":"2026-01-03T06:23:35","slug":"office-2021-home-and-business-for-mac-lifetime-license","status":"publish","type":"product","link":"https:\/\/keysarg.com\/?product=office-2021-home-and-business-for-mac-lifetime-license","title":{"rendered":"Office 2021 Home &#038; Business para Mac (licencia de por vida)"},"content":{"rendered":"<ul>\n<li data-start=\"4948\" data-end=\"5167\">\n<p data-start=\"4950\" data-end=\"5167\">Mejora tu productividad con Microsoft Office 2021 Home &amp; Business para Mac \u2014 la soluci\u00f3n perfecta para profesionales, emprendedores y familias que desean herramientas de oficina confiables sin suscripciones continuas.<\/p>\n<\/li>\n<li data-start=\"5168\" data-end=\"5686\">\n<p data-start=\"5170\" data-end=\"5197\">Caracter\u00edsticas destacadas:<\/p>\n<ul data-start=\"5200\" data-end=\"5686\">\n<li data-start=\"5200\" data-end=\"5277\">\n<p data-start=\"5202\" data-end=\"5277\">Compra \u00fanica: licencia perpetua para un solo Mac \u2014 sin tarifas recurrentes.<\/p>\n<\/li>\n<li data-start=\"5280\" data-end=\"5358\">\n<p data-start=\"5282\" data-end=\"5358\">Incluye aplicaciones esenciales: Word, Excel, PowerPoint, Outlook y OneNote.<\/p>\n<\/li>\n<li data-start=\"5361\" data-end=\"5480\">\n<p data-start=\"5363\" data-end=\"5480\">Totalmente compatible con macOS Big Sur y versiones posteriores, incluyendo soporte para chips Intel y Apple Silicon.<\/p>\n<\/li>\n<li data-start=\"5483\" data-end=\"5531\">\n<p data-start=\"5485\" data-end=\"5531\">Interfaz moderna con soporte para modo oscuro.<\/p>\n<\/li>\n<li data-start=\"5534\" data-end=\"5627\">\n<p data-start=\"5536\" data-end=\"5627\">Herramientas mejoradas para colaboraci\u00f3n, an\u00e1lisis de datos, organizaci\u00f3n del correo y m\u00e1s.<\/p>\n<\/li>\n<li data-start=\"5630\" data-end=\"5686\">\n<p data-start=\"5632\" data-end=\"5686\">Actualizaciones de seguridad directas desde Microsoft.<\/p>\n<\/li>\n<\/ul>\n<\/li>\n<li data-start=\"5687\" data-end=\"5920\">\n<p data-start=\"5689\" data-end=\"5714\">Activaci\u00f3n e instalaci\u00f3n:<\/p>\n<ul data-start=\"5717\" data-end=\"5920\">\n<li data-start=\"5717\" data-end=\"5771\">\n<p data-start=\"5719\" data-end=\"5771\">Activa v\u00eda setup.office.com usando la clave oficial.<\/p>\n<\/li>\n<li data-start=\"5774\" data-end=\"5848\">\n<p data-start=\"5776\" data-end=\"5848\">La licencia se vincula a tu cuenta de Microsoft para acceso de por vida.<\/p>\n<\/li>\n<li data-start=\"5851\" data-end=\"5920\">\n<p data-start=\"5853\" data-end=\"5920\">La descarga es directa desde los servidores oficiales de Microsoft.<\/p>\n<\/li>\n<\/ul>\n<\/li>\n<li data-start=\"5921\" data-end=\"6127\">\n<p data-start=\"5923\" data-end=\"5936\">\u00bfQu\u00e9 incluye?<\/p>\n<ul data-start=\"5939\" data-end=\"6127\">\n<li data-start=\"5939\" data-end=\"5999\">\n<p data-start=\"5941\" data-end=\"5999\">Clave oficial de Microsoft (licencia perpetua para 1 Mac).<\/p>\n<\/li>\n<li data-start=\"6002\" data-end=\"6031\">\n<p data-start=\"6004\" data-end=\"6031\">Enlace de descarga digital.<\/p>\n<\/li>\n<li data-start=\"6034\" data-end=\"6056\">\n<p data-start=\"6036\" data-end=\"6056\">Gu\u00eda de instalaci\u00f3n.<\/p>\n<\/li>\n<li data-start=\"6059\" data-end=\"6127\">\n<p data-start=\"6061\" data-end=\"6127\">Soporte al cliente gratuito.<\/p>\n<\/li>\n<\/ul>\n<\/li>\n<\/ul>\n","protected":false},"excerpt":{"rendered":"<p>Mejora tu productividad con Microsoft Office 2021 Home &amp; Business para Mac \u2014 la soluci\u00f3n perfecta para profesionales, emprendedores y familias que desean herramientas de oficina confiables sin suscripciones continuas. Caracter\u00edsticas destacadas: Compra \u00fanica: licencia perpetua para un solo Mac \u2014 sin tarifas recurrentes. Incluye aplicaciones esenciales: Word, Excel, PowerPoint, Outlook y OneNote. Totalmente compatible&hellip;<\/p>\n","protected":false},"featured_media":1029,"comment_status":"open","ping_status":"closed","template":"","meta":[],"product_brand":[],"product_cat":[40],"product_tag":[49],"class_list":{"0":"post-1028","1":"product","2":"type-product","3":"status-publish","4":"has-post-thumbnail","6":"product_cat-microsoft-office","7":"product_tag-mac","9":"first","10":"instock","11":"sale","12":"virtual","13":"taxable","14":"purchasable","15":"product-type-simple"},"aioseo_notices":[],"_links":{"self":[{"href":"https:\/\/keysarg.com\/index.php?rest_route=\/wp\/v2\/product\/1028","targetHints":{"allow":["GET"]}}],"collection":[{"href":"https:\/\/keysarg.com\/index.php?rest_route=\/wp\/v2\/product"}],"about":[{"href":"https:\/\/keysarg.com\/index.php?rest_route=\/wp\/v2\/types\/product"}],"replies":[{"embeddable":true,"href":"https:\/\/keysarg.com\/index.php?rest_route=%2Fwp%2Fv2%2Fcomments&post=1028"}],"wp:featuredmedia":[{"embeddable":true,"href":"https:\/\/keysarg.com\/index.php?rest_route=\/wp\/v2\/media\/1029"}],"wp:attachment":[{"href":"https:\/\/keysarg.com\/index.php?rest_route=%2Fwp%2Fv2%2Fmedia&parent=1028"}],"wp:term":[{"taxonomy":"product_brand","embeddable":true,"href":"https:\/\/keysarg.com\/index.php?rest_route=%2Fwp%2Fv2%2Fproduct_brand&post=1028"},{"taxonomy":"product_cat","embeddable":true,"href":"https:\/\/keysarg.com\/index.php?rest_route=%2Fwp%2Fv2%2Fproduct_cat&post=1028"},{"taxonomy":"product_tag","embeddable":true,"href":"https:\/\/keysarg.com\/index.php?rest_route=%2Fwp%2Fv2%2Fproduct_tag&post=1028"}],"curies":[{"name":"wp","href":"https:\/\/api.w.org\/{rel}","templated":true}]}}