{"id":1030,"date":"2025-05-28T21:16:45","date_gmt":"2025-05-28T21:16:45","guid":{"rendered":"https:\/\/keysarg.com\/?post_type=product&#038;p=1030"},"modified":"2026-01-03T06:22:58","modified_gmt":"2026-01-03T06:22:58","slug":"office-2016-home-and-business-for-mac","status":"publish","type":"product","link":"https:\/\/keysarg.com\/?product=office-2016-home-and-business-for-mac","title":{"rendered":"Office 2016 Home &#038; Business para Mac (licencia de por vida)"},"content":{"rendered":"<ul data-start=\"302\" data-end=\"1028\">\n<li data-start=\"302\" data-end=\"352\">\n<p data-start=\"304\" data-end=\"352\">Licencia de pago \u00fanico con validez permanente.<\/p>\n<\/li>\n<li data-start=\"353\" data-end=\"441\">\n<p data-start=\"355\" data-end=\"441\">Incluye las aplicaciones esenciales: <strong data-start=\"392\" data-end=\"438\">Word, Excel, PowerPoint, Outlook y OneNote<\/strong>.<\/p>\n<\/li>\n<li data-start=\"442\" data-end=\"569\">\n<p data-start=\"444\" data-end=\"569\">Dise\u00f1ado espec\u00edficamente para <strong data-start=\"474\" data-end=\"483\">macOS<\/strong>, con total compatibilidad en versiones desde <strong data-start=\"529\" data-end=\"554\">OS X 10.10 (Yosemite)<\/strong> en adelante.<\/p>\n<\/li>\n<li data-start=\"570\" data-end=\"641\">\n<p data-start=\"572\" data-end=\"641\">Interfaz optimizada para Mac con soporte para <strong data-start=\"618\" data-end=\"638\">pantallas Retina<\/strong>.<\/p>\n<\/li>\n<li data-start=\"642\" data-end=\"691\">\n<p data-start=\"644\" data-end=\"691\">No requiere suscripci\u00f3n ni pagos adicionales.<\/p>\n<\/li>\n<li data-start=\"692\" data-end=\"769\">\n<p data-start=\"694\" data-end=\"769\">Descarga e instalaci\u00f3n a trav\u00e9s de los servidores oficiales de Microsoft.<\/p>\n<\/li>\n<li data-start=\"770\" data-end=\"895\">\n<p data-start=\"772\" data-end=\"895\">La licencia se activa ingresando tu clave de producto en setup.office.com y queda vinculada a tu <strong data-start=\"869\" data-end=\"892\">cuenta de Microsoft<\/strong>.<\/p>\n<\/li>\n<li data-start=\"896\" data-end=\"915\">\n<p data-start=\"898\" data-end=\"915\">Regi\u00f3n: global.<\/p>\n<\/li>\n<li data-start=\"916\" data-end=\"959\">\n<p data-start=\"918\" data-end=\"959\">Idiomas: multiling\u00fce (incluye espa\u00f1ol).<\/p>\n<\/li>\n<li data-start=\"960\" data-end=\"1028\">\n<p data-start=\"962\" data-end=\"1028\">Incluye actualizaciones de seguridad y estabilidad de Microsoft.<\/p>\n<\/li>\n<\/ul>\n","protected":false},"excerpt":{"rendered":"<p>Licencia de pago \u00fanico con validez permanente. Incluye las aplicaciones esenciales: Word, Excel, PowerPoint, Outlook y OneNote. Dise\u00f1ado espec\u00edficamente para macOS, con total compatibilidad en versiones desde OS X 10.10 (Yosemite) en adelante. Interfaz optimizada para Mac con soporte para pantallas Retina. No requiere suscripci\u00f3n ni pagos adicionales. Descarga e instalaci\u00f3n a trav\u00e9s de los&hellip;<\/p>\n","protected":false},"featured_media":1031,"comment_status":"open","ping_status":"closed","template":"","meta":[],"product_brand":[],"product_cat":[40],"product_tag":[49],"class_list":{"0":"post-1030","1":"product","2":"type-product","3":"status-publish","4":"has-post-thumbnail","6":"product_cat-microsoft-office","7":"product_tag-mac","9":"first","10":"instock","11":"sale","12":"virtual","13":"taxable","14":"purchasable","15":"product-type-simple"},"aioseo_notices":[],"_links":{"self":[{"href":"https:\/\/keysarg.com\/index.php?rest_route=\/wp\/v2\/product\/1030","targetHints":{"allow":["GET"]}}],"collection":[{"href":"https:\/\/keysarg.com\/index.php?rest_route=\/wp\/v2\/product"}],"about":[{"href":"https:\/\/keysarg.com\/index.php?rest_route=\/wp\/v2\/types\/product"}],"replies":[{"embeddable":true,"href":"https:\/\/keysarg.com\/index.php?rest_route=%2Fwp%2Fv2%2Fcomments&post=1030"}],"wp:featuredmedia":[{"embeddable":true,"href":"https:\/\/keysarg.com\/index.php?rest_route=\/wp\/v2\/media\/1031"}],"wp:attachment":[{"href":"https:\/\/keysarg.com\/index.php?rest_route=%2Fwp%2Fv2%2Fmedia&parent=1030"}],"wp:term":[{"taxonomy":"product_brand","embeddable":true,"href":"https:\/\/keysarg.com\/index.php?rest_route=%2Fwp%2Fv2%2Fproduct_brand&post=1030"},{"taxonomy":"product_cat","embeddable":true,"href":"https:\/\/keysarg.com\/index.php?rest_route=%2Fwp%2Fv2%2Fproduct_cat&post=1030"},{"taxonomy":"product_tag","embeddable":true,"href":"https:\/\/keysarg.com\/index.php?rest_route=%2Fwp%2Fv2%2Fproduct_tag&post=1030"}],"curies":[{"name":"wp","href":"https:\/\/api.w.org\/{rel}","templated":true}]}}