{"id":579,"date":"2024-01-22T18:50:37","date_gmt":"2024-01-22T18:50:37","guid":{"rendered":"https:\/\/keysarg.com\/?post_type=product&#038;p=579"},"modified":"2026-03-06T15:52:18","modified_gmt":"2026-03-06T15:52:18","slug":"windows-11-pro-key","status":"publish","type":"product","link":"https:\/\/keysarg.com\/?product=windows-11-pro-key","title":{"rendered":"Windows 11 Pro (licencia de por vida)"},"content":{"rendered":"<ul>\n<li data-start=\"80\" data-end=\"163\">\n<ul>\n<li data-start=\"1024\" data-end=\"1111\">\n<p data-start=\"1026\" data-end=\"1111\">Activaci\u00f3n en l\u00ednea mediante el men\u00fa de activaci\u00f3n una vez completada la instalaci\u00f3n.<\/p>\n<\/li>\n<li data-start=\"1112\" data-end=\"1239\">\n<p data-start=\"1114\" data-end=\"1239\">No se puede utilizar para actualizar desde versiones anteriores de Windows; no funciona con la versi\u00f3n \u201cN\u201d de Windows 11 Pro.<\/p>\n<\/li>\n<li data-start=\"1240\" data-end=\"1279\">\n<p data-start=\"1242\" data-end=\"1279\">Se vincula a una cuenta de Microsoft.<\/p>\n<\/li>\n<li data-start=\"1280\" data-end=\"1315\">\n<p data-start=\"1282\" data-end=\"1315\">Puede reactivarse en la misma PC.<\/p>\n<\/li>\n<li data-start=\"1316\" data-end=\"1359\">\n<p data-start=\"1318\" data-end=\"1359\">Entrega inmediata por correo electr\u00f3nico.<\/p>\n<\/li>\n<li data-start=\"1360\" data-end=\"1438\">\n<p data-start=\"1362\" data-end=\"1438\">Se proporcionan instrucciones de activaci\u00f3n en el correo junto con la clave.<\/p>\n<\/li>\n<li data-start=\"1439\" data-end=\"1463\">\n<p data-start=\"1441\" data-end=\"1463\">Activaci\u00f3n permanente.<\/p>\n<\/li>\n<li data-start=\"1464\" data-end=\"1481\">\n<p data-start=\"1466\" data-end=\"1481\">Regi\u00f3n: global.<\/p>\n<\/li>\n<li data-start=\"1482\" data-end=\"1504\">\n<p data-start=\"1484\" data-end=\"1504\">Soporte multiling\u00fce.<\/p>\n<\/li>\n<li data-start=\"1505\" data-end=\"1536\">\n<p data-start=\"1507\" data-end=\"1536\">Actualizaciones garantizadas.<\/p>\n<\/li>\n<li data-start=\"1537\" data-end=\"1613\">\n<p data-start=\"1539\" data-end=\"1613\">Soporte por chat en vivo disponible.<\/p>\n<\/li>\n<\/ul>\n<\/li>\n<\/ul>\n","protected":false},"excerpt":{"rendered":"<p>Activaci\u00f3n en l\u00ednea mediante el men\u00fa de activaci\u00f3n una vez completada la instalaci\u00f3n. No se puede utilizar para actualizar desde versiones anteriores de Windows; no funciona con la versi\u00f3n \u201cN\u201d de Windows 11 Pro. Se vincula a una cuenta de Microsoft. Puede reactivarse en la misma PC. Entrega inmediata por correo electr\u00f3nico. Se proporcionan instrucciones&hellip;<\/p>\n","protected":false},"featured_media":580,"comment_status":"open","ping_status":"closed","template":"","meta":[],"product_brand":[],"product_cat":[35],"product_tag":[36,37],"class_list":{"0":"post-579","1":"product","2":"type-product","3":"status-publish","4":"has-post-thumbnail","6":"product_cat-win","7":"product_tag-windows","8":"product_tag-windows-11","10":"first","11":"instock","12":"sale","13":"virtual","14":"taxable","15":"purchasable","16":"product-type-simple"},"aioseo_notices":[],"_links":{"self":[{"href":"https:\/\/keysarg.com\/index.php?rest_route=\/wp\/v2\/product\/579","targetHints":{"allow":["GET"]}}],"collection":[{"href":"https:\/\/keysarg.com\/index.php?rest_route=\/wp\/v2\/product"}],"about":[{"href":"https:\/\/keysarg.com\/index.php?rest_route=\/wp\/v2\/types\/product"}],"replies":[{"embeddable":true,"href":"https:\/\/keysarg.com\/index.php?rest_route=%2Fwp%2Fv2%2Fcomments&post=579"}],"wp:featuredmedia":[{"embeddable":true,"href":"https:\/\/keysarg.com\/index.php?rest_route=\/wp\/v2\/media\/580"}],"wp:attachment":[{"href":"https:\/\/keysarg.com\/index.php?rest_route=%2Fwp%2Fv2%2Fmedia&parent=579"}],"wp:term":[{"taxonomy":"product_brand","embeddable":true,"href":"https:\/\/keysarg.com\/index.php?rest_route=%2Fwp%2Fv2%2Fproduct_brand&post=579"},{"taxonomy":"product_cat","embeddable":true,"href":"https:\/\/keysarg.com\/index.php?rest_route=%2Fwp%2Fv2%2Fproduct_cat&post=579"},{"taxonomy":"product_tag","embeddable":true,"href":"https:\/\/keysarg.com\/index.php?rest_route=%2Fwp%2Fv2%2Fproduct_tag&post=579"}],"curies":[{"name":"wp","href":"https:\/\/api.w.org\/{rel}","templated":true}]}}