{"id":717,"date":"2024-01-23T04:56:55","date_gmt":"2024-01-23T04:56:55","guid":{"rendered":"https:\/\/keysarg.com\/?post_type=product&#038;p=717"},"modified":"2025-12-17T03:13:50","modified_gmt":"2025-12-17T03:13:50","slug":"ms-office-2021-professional-plus","status":"publish","type":"product","link":"https:\/\/keysarg.com\/?product=ms-office-2021-professional-plus","title":{"rendered":"Office 2021 Professional Plus (licencia de por vida)"},"content":{"rendered":"<ul>\n<li data-start=\"6217\" data-end=\"6266\">\n<p data-start=\"6219\" data-end=\"6266\">Licencia de pago \u00fanico con validez de por vida.<\/p>\n<\/li>\n<li data-start=\"6267\" data-end=\"6509\">\n<p data-start=\"6269\" data-end=\"6509\">Office 2021 Professional Plus incluye nuevas funciones: coautor\u00eda mejorada, herramientas de \u201cinking\u201d avanzadas, nuevos tipos de datos, funciones, herramientas de traducci\u00f3n y edici\u00f3n, gr\u00e1ficos animados, mejoras de accesibilidad y mucho m\u00e1s.<\/p>\n<\/li>\n<li data-start=\"6510\" data-end=\"6680\">\n<p data-start=\"6512\" data-end=\"6535\">Aplicaciones incluidas:<\/p>\n<ul data-start=\"6538\" data-end=\"6680\">\n<li data-start=\"6538\" data-end=\"6547\">\n<p data-start=\"6540\" data-end=\"6547\">Outlook<\/p>\n<\/li>\n<li data-start=\"6550\" data-end=\"6556\">\n<p data-start=\"6552\" data-end=\"6556\">Word<\/p>\n<\/li>\n<li data-start=\"6559\" data-end=\"6566\">\n<p data-start=\"6561\" data-end=\"6566\">Excel<\/p>\n<\/li>\n<li data-start=\"6569\" data-end=\"6581\">\n<p data-start=\"6571\" data-end=\"6581\">PowerPoint<\/p>\n<\/li>\n<li data-start=\"6584\" data-end=\"6592\">\n<p data-start=\"6586\" data-end=\"6592\">Access<\/p>\n<\/li>\n<li data-start=\"6595\" data-end=\"6606\">\n<p data-start=\"6597\" data-end=\"6606\">Publisher<\/p>\n<\/li>\n<li data-start=\"6609\" data-end=\"6629\">\n<p data-start=\"6611\" data-end=\"6629\">Skype for Business<\/p>\n<\/li>\n<li data-start=\"6632\" data-end=\"6680\">\n<p data-start=\"6634\" data-end=\"6680\">OneDrive<\/p>\n<\/li>\n<\/ul>\n<\/li>\n<\/ul>\n","protected":false},"excerpt":{"rendered":"<p data-start=\"60\" data-end=\"135\"><strong data-start=\"60\" data-end=\"135\">Microsoft Office 2021 Professional Plus \u2013 Licence Key at the Best Price<\/strong><\/p>\n<p data-start=\"137\" data-end=\"335\">MS Office 2021 Professional Plus includes new co-authoring features, inking tools, data types, functions, translation and editing tools, animated graphics, accessibility improvements, and much more.<\/p>\n<p data-start=\"337\" data-end=\"377\">Microsoft Office Pro Plus 2021 Programs:<\/p>\n<ul data-start=\"379\" data-end=\"485\">\n<li data-start=\"379\" data-end=\"390\">\n<p data-start=\"381\" data-end=\"390\">Outlook<\/p>\n<\/li>\n<li data-start=\"391\" data-end=\"399\">\n<p data-start=\"393\" data-end=\"399\">Word<\/p>\n<\/li>\n<li data-start=\"400\" data-end=\"409\">\n<p data-start=\"402\" data-end=\"409\">Excel<\/p>\n<\/li>\n<li data-start=\"410\" data-end=\"424\">\n<p data-start=\"412\" data-end=\"424\">PowerPoint<\/p>\n<\/li>\n<li data-start=\"425\" data-end=\"435\">\n<p data-start=\"427\" data-end=\"435\">Access<\/p>\n<\/li>\n<li data-start=\"436\" data-end=\"449\">\n<p data-start=\"438\" data-end=\"449\">Publisher<\/p>\n<\/li>\n<li data-start=\"450\" data-end=\"472\">\n<p data-start=\"452\" data-end=\"472\">Skype for Business<\/p>\n<\/li>\n<li data-start=\"473\" data-end=\"485\">\n<p data-start=\"475\" data-end=\"485\">OneDrive<\/p>\n<\/li>\n<\/ul>\n","protected":false},"featured_media":702,"comment_status":"open","ping_status":"closed","template":"","meta":[],"product_brand":[],"product_cat":[40],"product_tag":[41,42,43],"class_list":{"0":"post-717","1":"product","2":"type-product","3":"status-publish","4":"has-post-thumbnail","6":"product_cat-microsoft-office","7":"product_tag-microsoft","8":"product_tag-office","9":"product_tag-office-2021","11":"first","12":"instock","13":"sale","14":"downloadable","15":"virtual","16":"taxable","17":"purchasable","18":"product-type-simple"},"aioseo_notices":[],"_links":{"self":[{"href":"https:\/\/keysarg.com\/index.php?rest_route=\/wp\/v2\/product\/717","targetHints":{"allow":["GET"]}}],"collection":[{"href":"https:\/\/keysarg.com\/index.php?rest_route=\/wp\/v2\/product"}],"about":[{"href":"https:\/\/keysarg.com\/index.php?rest_route=\/wp\/v2\/types\/product"}],"replies":[{"embeddable":true,"href":"https:\/\/keysarg.com\/index.php?rest_route=%2Fwp%2Fv2%2Fcomments&post=717"}],"wp:featuredmedia":[{"embeddable":true,"href":"https:\/\/keysarg.com\/index.php?rest_route=\/wp\/v2\/media\/702"}],"wp:attachment":[{"href":"https:\/\/keysarg.com\/index.php?rest_route=%2Fwp%2Fv2%2Fmedia&parent=717"}],"wp:term":[{"taxonomy":"product_brand","embeddable":true,"href":"https:\/\/keysarg.com\/index.php?rest_route=%2Fwp%2Fv2%2Fproduct_brand&post=717"},{"taxonomy":"product_cat","embeddable":true,"href":"https:\/\/keysarg.com\/index.php?rest_route=%2Fwp%2Fv2%2Fproduct_cat&post=717"},{"taxonomy":"product_tag","embeddable":true,"href":"https:\/\/keysarg.com\/index.php?rest_route=%2Fwp%2Fv2%2Fproduct_tag&post=717"}],"curies":[{"name":"wp","href":"https:\/\/api.w.org\/{rel}","templated":true}]}}