{"id":761,"date":"2024-01-23T16:43:09","date_gmt":"2024-01-23T16:43:09","guid":{"rendered":"https:\/\/keysarg.com\/?post_type=product&#038;p=761"},"modified":"2025-09-02T03:48:21","modified_gmt":"2025-09-02T03:48:21","slug":"windows-11-home","status":"publish","type":"product","link":"https:\/\/keysarg.com\/?product=windows-11-home","title":{"rendered":"Windows 11 Home (licencia de por vida)"},"content":{"rendered":"<ul data-start=\"137\" data-end=\"713\">\n<li data-start=\"137\" data-end=\"209\">\n<ul>\n<li data-start=\"330\" data-end=\"418\">\n<p data-start=\"332\" data-end=\"418\">Activaci\u00f3n en l\u00ednea a trav\u00e9s del men\u00fa de activaci\u00f3n una vez completada la instalaci\u00f3n.<\/p>\n<\/li>\n<li data-start=\"419\" data-end=\"496\">\n<p data-start=\"421\" data-end=\"496\">No se puede utilizar para actualizar desde versiones anteriores de Windows.<\/p>\n<\/li>\n<li data-start=\"497\" data-end=\"554\">\n<p data-start=\"499\" data-end=\"554\">No es compatible con la versi\u00f3n \u201cN\u201d de Windows 11 Home.<\/p>\n<\/li>\n<li data-start=\"555\" data-end=\"593\">\n<p data-start=\"557\" data-end=\"593\">Se vincula a tu cuenta de Microsoft.<\/p>\n<\/li>\n<li data-start=\"594\" data-end=\"629\">\n<p data-start=\"596\" data-end=\"629\">Puede reactivarse en la misma PC.<\/p>\n<\/li>\n<li data-start=\"630\" data-end=\"673\">\n<p data-start=\"632\" data-end=\"673\">Entrega inmediata \u2014 en menos de 1 minuto.<\/p>\n<\/li>\n<li data-start=\"674\" data-end=\"774\">\n<p data-start=\"676\" data-end=\"774\">Se proporcionan instrucciones de activaci\u00f3n por correo electr\u00f3nico junto con tu clave de producto.<\/p>\n<\/li>\n<li data-start=\"775\" data-end=\"799\">\n<p data-start=\"777\" data-end=\"799\">Activaci\u00f3n permanente.<\/p>\n<\/li>\n<li data-start=\"800\" data-end=\"817\">\n<p data-start=\"802\" data-end=\"817\">Regi\u00f3n: global.<\/p>\n<\/li>\n<li data-start=\"818\" data-end=\"840\">\n<p data-start=\"820\" data-end=\"840\">Soporte multiling\u00fce.<\/p>\n<\/li>\n<li data-start=\"841\" data-end=\"872\">\n<p data-start=\"843\" data-end=\"872\">Actualizaciones garantizadas.<\/p>\n<\/li>\n<li data-start=\"873\" data-end=\"949\">\n<p data-start=\"875\" data-end=\"949\">Soporte por chat en vivo disponible.<\/p>\n<\/li>\n<\/ul>\n<\/li>\n<\/ul>\n","protected":false},"excerpt":{"rendered":"<ul>\n<li>Activaci\u00f3n online en el men\u00fa de activaci\u00f3n, una vez finalizada la instalaci\u00f3n<\/li>\n<li><strong>No se puede utilizar para actualizar desde versiones previas de Windows, no funciona en la version Windows 11 Home \u00abN\u00bb<\/strong><\/li>\n<li>Se vincula a cuenta Microsoft<\/li>\n<li>Se puede reactivar en el mismo PC<\/li>\n<li>Env\u00edo inmediato -1 Minuto<\/li>\n<li>Instrucciones para la activaci\u00f3n provistas en el correo con su clave<\/li>\n<li>Activaci\u00f3n permanente<\/li>\n<li>Region: Global<\/li>\n<li>Multilenguaje<\/li>\n<li>Actualizaciones garantizadas<\/li>\n<li>Chat de soporte en vivo<\/li>\n<\/ul>\n","protected":false},"featured_media":762,"comment_status":"open","ping_status":"closed","template":"","meta":[],"product_brand":[],"product_cat":[35],"product_tag":[36,37,44],"class_list":{"0":"post-761","1":"product","2":"type-product","3":"status-publish","4":"has-post-thumbnail","6":"product_cat-win","7":"product_tag-windows","8":"product_tag-windows-11","9":"product_tag-windows-11-home","11":"first","12":"onbackorder","13":"sale","14":"virtual","15":"taxable","16":"purchasable","17":"product-type-simple"},"aioseo_notices":[],"_links":{"self":[{"href":"https:\/\/keysarg.com\/index.php?rest_route=\/wp\/v2\/product\/761","targetHints":{"allow":["GET"]}}],"collection":[{"href":"https:\/\/keysarg.com\/index.php?rest_route=\/wp\/v2\/product"}],"about":[{"href":"https:\/\/keysarg.com\/index.php?rest_route=\/wp\/v2\/types\/product"}],"replies":[{"embeddable":true,"href":"https:\/\/keysarg.com\/index.php?rest_route=%2Fwp%2Fv2%2Fcomments&post=761"}],"wp:featuredmedia":[{"embeddable":true,"href":"https:\/\/keysarg.com\/index.php?rest_route=\/wp\/v2\/media\/762"}],"wp:attachment":[{"href":"https:\/\/keysarg.com\/index.php?rest_route=%2Fwp%2Fv2%2Fmedia&parent=761"}],"wp:term":[{"taxonomy":"product_brand","embeddable":true,"href":"https:\/\/keysarg.com\/index.php?rest_route=%2Fwp%2Fv2%2Fproduct_brand&post=761"},{"taxonomy":"product_cat","embeddable":true,"href":"https:\/\/keysarg.com\/index.php?rest_route=%2Fwp%2Fv2%2Fproduct_cat&post=761"},{"taxonomy":"product_tag","embeddable":true,"href":"https:\/\/keysarg.com\/index.php?rest_route=%2Fwp%2Fv2%2Fproduct_tag&post=761"}],"curies":[{"name":"wp","href":"https:\/\/api.w.org\/{rel}","templated":true}]}}