{"id":778,"date":"2024-01-25T07:09:19","date_gmt":"2024-01-25T07:09:19","guid":{"rendered":"https:\/\/keysarg.com\/?post_type=product&#038;p=778"},"modified":"2025-09-02T04:07:48","modified_gmt":"2025-09-02T04:07:48","slug":"ms-office-2016-professional-plus","status":"publish","type":"product","link":"https:\/\/keysarg.com\/?product=ms-office-2016-professional-plus","title":{"rendered":"Office 2016 Professional Plus (licencia de por vida)"},"content":{"rendered":"<ul>\n<li data-start=\"1857\" data-end=\"1905\">\n<p data-start=\"1859\" data-end=\"1905\">Licencia de pago \u00fanico con validez permanente.<\/p>\n<\/li>\n<li data-start=\"1906\" data-end=\"1941\">\n<p data-start=\"1908\" data-end=\"1941\">Descargar desde setup.office.com.<\/p>\n<\/li>\n<li data-start=\"1942\" data-end=\"2054\">\n<p data-start=\"1944\" data-end=\"2054\">Tras descargar, abre cualquier aplicaci\u00f3n como Word o Excel e ingresa la clave de producto cuando se solicite.<\/p>\n<\/li>\n<li data-start=\"2055\" data-end=\"2081\">\n<p data-start=\"2057\" data-end=\"2081\">Licencia de un solo uso.<\/p>\n<\/li>\n<li data-start=\"2082\" data-end=\"2103\">\n<p data-start=\"2084\" data-end=\"2103\">Validez permanente.<\/p>\n<\/li>\n<li data-start=\"2104\" data-end=\"2121\">\n<p data-start=\"2106\" data-end=\"2121\">Regi\u00f3n: global.<\/p>\n<\/li>\n<li data-start=\"2122\" data-end=\"2201\">\n<p data-start=\"2124\" data-end=\"2201\">Aplicaciones incluidas: Excel, Outlook, PowerPoint, Word, Access y Publisher.<\/p>\n<\/li>\n<li data-start=\"2202\" data-end=\"2268\">\n<p data-start=\"2204\" data-end=\"2268\">Compatible con Windows 8 y versiones posteriores (solo Windows).<\/p>\n<\/li>\n<li data-start=\"2269\" data-end=\"2291\">\n<p data-start=\"2271\" data-end=\"2291\">Soporte multiling\u00fce.<\/p>\n<\/li>\n<li data-start=\"2292\" data-end=\"2318\">\n<p data-start=\"2294\" data-end=\"2318\">Incluye actualizaciones.<\/p>\n<\/li>\n<li data-start=\"2319\" data-end=\"2407\">\n<p data-start=\"2321\" data-end=\"2407\">Garant\u00eda y soporte por chat en vivo disponibles.<\/p>\n<\/li>\n<\/ul>\n","protected":false},"excerpt":{"rendered":"<p>Licencia de pago \u00fanico con validez permanente. Descargar desde setup.office.com. Tras descargar, abre cualquier aplicaci\u00f3n como Word o Excel e ingresa la clave de producto cuando se solicite. Licencia de un solo uso. Validez permanente. Regi\u00f3n: global. Aplicaciones incluidas: Excel, Outlook, PowerPoint, Word, Access y Publisher. Compatible con Windows 8 y versiones posteriores (solo Windows).&hellip;<\/p>\n","protected":false},"featured_media":779,"comment_status":"open","ping_status":"closed","template":"","meta":[],"product_brand":[],"product_cat":[40],"product_tag":[41,47,42,48],"class_list":{"0":"post-778","1":"product","2":"type-product","3":"status-publish","4":"has-post-thumbnail","6":"product_cat-microsoft-office","7":"product_tag-microsoft","8":"product_tag-microsoft-office","9":"product_tag-office","10":"product_tag-office-2016","12":"first","13":"instock","14":"sale","15":"virtual","16":"taxable","17":"purchasable","18":"product-type-simple"},"aioseo_notices":[],"_links":{"self":[{"href":"https:\/\/keysarg.com\/index.php?rest_route=\/wp\/v2\/product\/778","targetHints":{"allow":["GET"]}}],"collection":[{"href":"https:\/\/keysarg.com\/index.php?rest_route=\/wp\/v2\/product"}],"about":[{"href":"https:\/\/keysarg.com\/index.php?rest_route=\/wp\/v2\/types\/product"}],"replies":[{"embeddable":true,"href":"https:\/\/keysarg.com\/index.php?rest_route=%2Fwp%2Fv2%2Fcomments&post=778"}],"wp:featuredmedia":[{"embeddable":true,"href":"https:\/\/keysarg.com\/index.php?rest_route=\/wp\/v2\/media\/779"}],"wp:attachment":[{"href":"https:\/\/keysarg.com\/index.php?rest_route=%2Fwp%2Fv2%2Fmedia&parent=778"}],"wp:term":[{"taxonomy":"product_brand","embeddable":true,"href":"https:\/\/keysarg.com\/index.php?rest_route=%2Fwp%2Fv2%2Fproduct_brand&post=778"},{"taxonomy":"product_cat","embeddable":true,"href":"https:\/\/keysarg.com\/index.php?rest_route=%2Fwp%2Fv2%2Fproduct_cat&post=778"},{"taxonomy":"product_tag","embeddable":true,"href":"https:\/\/keysarg.com\/index.php?rest_route=%2Fwp%2Fv2%2Fproduct_tag&post=778"}],"curies":[{"name":"wp","href":"https:\/\/api.w.org\/{rel}","templated":true}]}}