{"id":979,"date":"2025-03-01T22:34:42","date_gmt":"2025-03-01T22:34:42","guid":{"rendered":"https:\/\/keysarg.com\/?post_type=product&#038;p=979"},"modified":"2026-01-03T06:23:34","modified_gmt":"2026-01-03T06:23:34","slug":"office-2019-professional-plus-licencia-permanente","status":"publish","type":"product","link":"https:\/\/keysarg.com\/?product=office-2019-professional-plus-licencia-permanente","title":{"rendered":"Office 2019 Professional Plus (licencia de por vida)"},"content":{"rendered":"<ul>\n<li data-start=\"2497\" data-end=\"3155\">\n<p data-start=\"2499\" data-end=\"2582\">Pago \u00fanico para una licencia de validez permanente.<br data-start=\"2550\" data-end=\"2553\" \/>Instrucciones de instalaci\u00f3n:<\/p>\n<ol data-start=\"2585\" data-end=\"3155\">\n<li data-start=\"2585\" data-end=\"2688\">\n<p data-start=\"2588\" data-end=\"2688\">Descarga el archivo de instalaci\u00f3n de Office en tu idioma preferido (desde el enlace proporcionado).<\/p>\n<\/li>\n<li data-start=\"2691\" data-end=\"2775\">\n<p data-start=\"2694\" data-end=\"2775\">Haz doble clic (o clic derecho \u2192 Abrir) sobre el archivo \u201cProPlus2019Retail.img\u201d.<\/p>\n<\/li>\n<li data-start=\"2778\" data-end=\"2862\">\n<p data-start=\"2781\" data-end=\"2862\">Haz doble clic (o clic derecho \u2192 Abrir) en el archivo \u201cSetup\u201d y selecciona Abrir.<\/p>\n<\/li>\n<li data-start=\"2865\" data-end=\"2905\">\n<p data-start=\"2868\" data-end=\"2905\">Espera a que finalice la instalaci\u00f3n.<\/p>\n<\/li>\n<li data-start=\"2908\" data-end=\"2967\">\n<p data-start=\"2911\" data-end=\"2967\">Abre cualquier aplicaci\u00f3n de Office (por ejemplo, Word).<\/p>\n<\/li>\n<li data-start=\"2970\" data-end=\"3021\">\n<p data-start=\"2973\" data-end=\"3021\">Espera a que aparezca la pantalla de activaci\u00f3n.<\/p>\n<\/li>\n<li data-start=\"3024\" data-end=\"3117\">\n<p data-start=\"3027\" data-end=\"3117\">Ingresa la clave de producto que recibiste tras la compra y haz clic en \u201cActivate Office\u201d.<\/p>\n<\/li>\n<li data-start=\"3120\" data-end=\"3155\">\n<p data-start=\"3123\" data-end=\"3155\">Office se activar\u00e1 por completo.<\/p>\n<\/li>\n<\/ol>\n<\/li>\n<li data-start=\"3156\" data-end=\"3310\">\n<p data-start=\"3158\" data-end=\"3310\">Puedes contactar por la p\u00e1gina de contacto o al correo <a class=\"decorated-link cursor-pointer\" rel=\"noopener\" data-start=\"3213\" data-end=\"3229\">info@keysarg.com<\/a> en caso de dudas; soporte disponible 24\/7.<\/p>\n<\/li>\n<\/ul>\n","protected":false},"excerpt":{"rendered":"<p>Microsoft Office 2019 Professional Plus- Clave de licencia al mejor precio<\/p>\n<p>MS Office 2019 Professional Plus: encontrar\u00e1 nuevas funciones de coautor\u00eda, herramientas de entintado, tipos de datos, funciones, herramientas de traducci\u00f3n y edici\u00f3n, gr\u00e1ficos animados, funciones de facilidad de uso y mucho m\u00e1s.<\/p>\n<p>Programas de Microsoft Office Pro Plus 2019:<\/p>\n<ul>\n<li>Outlook<\/li>\n<li>Word<\/li>\n<li>Excel<\/li>\n<li>PowerPoint<\/li>\n<li>Access<\/li>\n<li>Publisher<\/li>\n<li>Skype for Business<\/li>\n<li>OneDrive<\/li>\n<\/ul>\n","protected":false},"featured_media":980,"comment_status":"open","ping_status":"closed","template":"","meta":[],"product_brand":[],"product_cat":[40],"product_tag":[41,42],"class_list":{"0":"post-979","1":"product","2":"type-product","3":"status-publish","4":"has-post-thumbnail","6":"product_cat-microsoft-office","7":"product_tag-microsoft","8":"product_tag-office","10":"first","11":"instock","12":"sale","13":"downloadable","14":"virtual","15":"taxable","16":"purchasable","17":"product-type-simple"},"aioseo_notices":[],"_links":{"self":[{"href":"https:\/\/keysarg.com\/index.php?rest_route=\/wp\/v2\/product\/979","targetHints":{"allow":["GET"]}}],"collection":[{"href":"https:\/\/keysarg.com\/index.php?rest_route=\/wp\/v2\/product"}],"about":[{"href":"https:\/\/keysarg.com\/index.php?rest_route=\/wp\/v2\/types\/product"}],"replies":[{"embeddable":true,"href":"https:\/\/keysarg.com\/index.php?rest_route=%2Fwp%2Fv2%2Fcomments&post=979"}],"wp:featuredmedia":[{"embeddable":true,"href":"https:\/\/keysarg.com\/index.php?rest_route=\/wp\/v2\/media\/980"}],"wp:attachment":[{"href":"https:\/\/keysarg.com\/index.php?rest_route=%2Fwp%2Fv2%2Fmedia&parent=979"}],"wp:term":[{"taxonomy":"product_brand","embeddable":true,"href":"https:\/\/keysarg.com\/index.php?rest_route=%2Fwp%2Fv2%2Fproduct_brand&post=979"},{"taxonomy":"product_cat","embeddable":true,"href":"https:\/\/keysarg.com\/index.php?rest_route=%2Fwp%2Fv2%2Fproduct_cat&post=979"},{"taxonomy":"product_tag","embeddable":true,"href":"https:\/\/keysarg.com\/index.php?rest_route=%2Fwp%2Fv2%2Fproduct_tag&post=979"}],"curies":[{"name":"wp","href":"https:\/\/api.w.org\/{rel}","templated":true}]}}