{"id":983,"date":"2025-03-12T21:02:48","date_gmt":"2025-03-12T21:02:48","guid":{"rendered":"https:\/\/keysarg.com\/?post_type=product&#038;p=983"},"modified":"2026-01-29T05:57:33","modified_gmt":"2026-01-29T05:57:33","slug":"combo-windows-11-pro-office-2021-professional-plus","status":"publish","type":"product","link":"https:\/\/keysarg.com\/?product=combo-windows-11-pro-office-2021-professional-plus","title":{"rendered":"Windows 11 Pro + Office 2021 Professional Plus"},"content":{"rendered":"<p data-start=\"169\" data-end=\"224\">\u00a1Maximiza tu productividad con este combo definitivo!<\/p>\n<p data-start=\"226\" data-end=\"597\">\u2714 <strong data-start=\"228\" data-end=\"246\">Windows 11 Pro<\/strong>: Disfruta de la versi\u00f3n m\u00e1s avanzada del sistema operativo de Microsoft, con un dise\u00f1o moderno, rendimiento optimizado y herramientas exclusivas para profesionales. Obt\u00e9n mayor seguridad, compatibilidad con hardware de \u00faltima generaci\u00f3n y potentes funciones de multitarea como <strong data-start=\"524\" data-end=\"549\">Escritorios Virtuales<\/strong> y <strong data-start=\"552\" data-end=\"594\">Dise\u00f1os de Acoplamiento (Snap Layouts)<\/strong>.<\/p>\n<p data-start=\"599\" data-end=\"910\">\u2714 <strong data-start=\"601\" data-end=\"634\">Office 2021 Professional Plus<\/strong>: Accede a la suite m\u00e1s completa de aplicaciones para trabajar sin interrupciones. Incluye <strong data-start=\"725\" data-end=\"790\">Word, Excel, PowerPoint, Outlook, OneNote, Publisher y Access<\/strong> \u2014 todo lo que necesitas para crear documentos impactantes, hojas de c\u00e1lculo avanzadas y presentaciones profesionales.<\/p>\n<p data-start=\"912\" data-end=\"1029\"> Mejora tu experiencia digital con este paquete exclusivo y disfruta de lo mejor de Microsoft en una sola compra.<\/p>\n<p>&nbsp;<\/p>\n","protected":false},"excerpt":{"rendered":"<p>\u00a1Maximiza tu productividad con este combo definitivo! \u2714 Windows 11 Pro: Disfruta de la versi\u00f3n m\u00e1s avanzada del sistema operativo de Microsoft, con un dise\u00f1o moderno, rendimiento optimizado y herramientas exclusivas para profesionales. Obt\u00e9n mayor seguridad, compatibilidad con hardware de \u00faltima generaci\u00f3n y potentes funciones de multitarea como Escritorios Virtuales y Dise\u00f1os de Acoplamiento (Snap&hellip;<\/p>\n","protected":false},"featured_media":985,"comment_status":"open","ping_status":"closed","template":"","meta":[],"product_brand":[],"product_cat":[40,35],"product_tag":[],"class_list":{"0":"post-983","1":"product","2":"type-product","3":"status-publish","4":"has-post-thumbnail","6":"product_cat-microsoft-office","7":"product_cat-win","9":"first","10":"instock","11":"sale","12":"downloadable","13":"virtual","14":"taxable","15":"purchasable","16":"product-type-simple"},"aioseo_notices":[],"_links":{"self":[{"href":"https:\/\/keysarg.com\/index.php?rest_route=\/wp\/v2\/product\/983","targetHints":{"allow":["GET"]}}],"collection":[{"href":"https:\/\/keysarg.com\/index.php?rest_route=\/wp\/v2\/product"}],"about":[{"href":"https:\/\/keysarg.com\/index.php?rest_route=\/wp\/v2\/types\/product"}],"replies":[{"embeddable":true,"href":"https:\/\/keysarg.com\/index.php?rest_route=%2Fwp%2Fv2%2Fcomments&post=983"}],"wp:featuredmedia":[{"embeddable":true,"href":"https:\/\/keysarg.com\/index.php?rest_route=\/wp\/v2\/media\/985"}],"wp:attachment":[{"href":"https:\/\/keysarg.com\/index.php?rest_route=%2Fwp%2Fv2%2Fmedia&parent=983"}],"wp:term":[{"taxonomy":"product_brand","embeddable":true,"href":"https:\/\/keysarg.com\/index.php?rest_route=%2Fwp%2Fv2%2Fproduct_brand&post=983"},{"taxonomy":"product_cat","embeddable":true,"href":"https:\/\/keysarg.com\/index.php?rest_route=%2Fwp%2Fv2%2Fproduct_cat&post=983"},{"taxonomy":"product_tag","embeddable":true,"href":"https:\/\/keysarg.com\/index.php?rest_route=%2Fwp%2Fv2%2Fproduct_tag&post=983"}],"curies":[{"name":"wp","href":"https:\/\/api.w.org\/{rel}","templated":true}]}}